{"id":20677,"date":"2021-11-10T22:40:24","date_gmt":"2021-11-11T01:40:24","guid":{"rendered":"https:\/\/cafedelrio.com.br\/wordpress\/?post_type=product&#038;p=20677"},"modified":"2022-06-28T13:39:46","modified_gmt":"2022-06-28T16:39:46","slug":"natural-bourbon-amarelo-chocolate-meio-amargo-limao-e-caramelo-cerrado-mg","status":"publish","type":"product","link":"https:\/\/cafedelrio.com.br\/wordpress\/produto\/natural-bourbon-amarelo-chocolate-meio-amargo-limao-e-caramelo-cerrado-mg\/","title":{"rendered":"Natural, Bourbon Amarelo \u2013 Chocolate meio amargo, Lim\u00e3o e Caramelo (Cerrado \u2013 MG)"},"content":{"rendered":"<p>PRODUTOR: Jos\u00e9 Eduardo Bernardes<br \/>\nRegi\u00e3o: Patroc\u00ednio, Cerrado &#8211; MG<br \/>\nVariedade: Bourbon Amarelo &#8211; Processo: Natural<br \/>\nPontua\u00e7\u00e3o: 85,75 SCA<br \/>\nSensorial: Chocolate meio amargo, Lim\u00e3o e Caramelo<\/p>\n<p>A BERNARDES ESTATE COFFEE \u00e9 uma produtora de caf\u00e9s especiais de alto padr\u00e3o (fazendas Campo Alegre e Serra Negra).<br \/>\n\u00c9 localizada na regi\u00e3o do Cerrado Mineiro, regi\u00e3o esta que proporciona condi\u00e7\u00f5es interessantes de\u00a0<em>terroirs<\/em>, onde clima, solo e radia\u00e7\u00e3o solar s\u00e3o ideais para o desenvolvimento sadio do cafeeiro, resultando assim em caf\u00e9s sustent\u00e1veis e de alt\u00edssima qualidade que atendam aos mais exigentes paladares.<\/p>\n<p>No ano de 1978, a Fazenda Campo Alegre foi adquirida por Pedro Jacinto Bernardes e Jacinto Bernardes Dias, que s\u00e3o respectivamente av\u00f4 e pai de Jos\u00e9 Eduardo Bernardes. Em 1983, Jos\u00e9 Eduardo sabendo que a cidade \u00e9 forte no agroneg\u00f3cio, acreditou no potencial das terras da regi\u00e3o e estabeleceu os neg\u00f3cios no ramo da cafeicultura, em Patroc\u00ednio \u2013 MG.<\/p>\n<p>Em 1984 a Fam\u00edlia Bernardes fez seu pr\u00f3prio viveiro e em 1985 come\u00e7aram a plantar. Foram plantando de gleba em gleba, e ap\u00f3s tr\u00eas anos adquiriram a fazenda Serra Negra, onde tamb\u00e9m plantaram o caf\u00e9, aumentando assim a \u00e1rea destinada aos gr\u00e3os dessa bebida maravilhosa.<\/p>\n<p>A Fazenda Campo Alegre iniciou ent\u00e3o sua produ\u00e7\u00e3o de caf\u00e9s, sempre acreditando na melhoria das condi\u00e7\u00f5es tecnol\u00f3gicas e em formas mais eficientes de produ\u00e7\u00e3o do mesmo.\u00a0\u00c9 muito importante ressaltar que o crescimento que obtiveram na regi\u00e3o foi devido ao profissionalismo, \u00e0 assist\u00eancia t\u00e9cnica e mecaniza\u00e7\u00e3o que facilitaram muito no manejo da produ\u00e7\u00e3o do caf\u00e9.<\/p>\n<p>Observando a melhoria e a necessidade de um caf\u00e9 de qualidade, a demanda aumentou muito no Brasil e no mundo, e a partir da\u00ed decidiram dar mais \u00eanfase e foco ao caf\u00e9 de qualidade.<\/p>\n<p>No ano de 2017, a Fazenda Campo Alegre identificou a voca\u00e7\u00e3o para a produ\u00e7\u00e3o de caf\u00e9s especiais e iniciou uma nova fase de mudan\u00e7as, voltadas tanto para a qualidade dos gr\u00e3os quanto para o aprimoramento da infraestrutura, com investimento na melhoria de condi\u00e7\u00f5es de trabalho e de vida para os seus colaboradores.<\/p>\n","protected":false},"excerpt":{"rendered":"<p>PRODUTOR: Jos\u00e9 Eduardo Bernardes Regi\u00e3o: Patroc\u00ednio, Cerrado &#8211; MG Variedade: Bourbon Amarelo &#8211; Processo: Natural Pontua\u00e7\u00e3o: 85,75 SCA Sensorial: Chocolate [&hellip;]<\/p>\n","protected":false},"featured_media":20678,"comment_status":"open","ping_status":"closed","template":"","meta":[],"product_cat":[150,152,173,171],"product_tag":[],"_links":{"self":[{"href":"https:\/\/cafedelrio.com.br\/wordpress\/wp-json\/wp\/v2\/product\/20677"}],"collection":[{"href":"https:\/\/cafedelrio.com.br\/wordpress\/wp-json\/wp\/v2\/product"}],"about":[{"href":"https:\/\/cafedelrio.com.br\/wordpress\/wp-json\/wp\/v2\/types\/product"}],"replies":[{"embeddable":true,"href":"https:\/\/cafedelrio.com.br\/wordpress\/wp-json\/wp\/v2\/comments?post=20677"}],"wp:featuredmedia":[{"embeddable":true,"href":"https:\/\/cafedelrio.com.br\/wordpress\/wp-json\/wp\/v2\/media\/20678"}],"wp:attachment":[{"href":"https:\/\/cafedelrio.com.br\/wordpress\/wp-json\/wp\/v2\/media?parent=20677"}],"wp:term":[{"taxonomy":"product_cat","embeddable":true,"href":"https:\/\/cafedelrio.com.br\/wordpress\/wp-json\/wp\/v2\/product_cat?post=20677"},{"taxonomy":"product_tag","embeddable":true,"href":"https:\/\/cafedelrio.com.br\/wordpress\/wp-json\/wp\/v2\/product_tag?post=20677"}],"curies":[{"name":"wp","href":"https:\/\/api.w.org\/{rel}","templated":true}]}}