{"id":20636,"date":"2021-08-28T09:28:37","date_gmt":"2021-08-28T12:28:37","guid":{"rendered":"https:\/\/cafedelrio.com.br\/wordpress\/?post_type=product&#038;p=20636"},"modified":"2021-08-28T09:33:57","modified_gmt":"2021-08-28T12:33:57","slug":"cd-catuai-vermelho-frutas-vermelhas-e-coco-jardins-das-oliveiras-mg","status":"publish","type":"product","link":"https:\/\/cafedelrio.com.br\/wordpress\/produto\/cd-catuai-vermelho-frutas-vermelhas-e-coco-jardins-das-oliveiras-mg\/","title":{"rendered":"CD, CATUA\u00cd VERMELHO &#8211; FRUTAS VERMELHAS E COCO (Jardins das Oliveiras &#8211; MG)"},"content":{"rendered":"<p>&nbsp;<\/p>\n<p>&nbsp;<\/p>\n<p>&nbsp;<\/p>\n<p>&nbsp;<\/p>\n<p>A hist\u00f3ria de Simone Dias Sampaio Silva com o\u00a0<strong>caf\u00e9<\/strong>\u00a0come\u00e7a na inf\u00e2ncia, em Araponga. A atividade sempre foi a fonte de sustento da fam\u00edlia. Formada em Nutri\u00e7\u00e3o pela Universidade Federal de Vi\u00e7osa, morou em v\u00e1rios estados do Brasil e no exterior e retornou \u00e0 sua cidade natal com o marido Jo\u00e3o da Silva Neto para investir no caf\u00e9 de qualidade na propriedade herdada do pai.<\/p>\n<p>A busca incessante por capacita\u00e7\u00e3o e a preocupa\u00e7\u00e3o com a produ\u00e7\u00e3o sustent\u00e1vel contribu\u00edram para o sucesso do caf\u00e9 Jardim das Oliveiras, que se destaca em concursos de qualidade. Hoje s\u00e3o 36 pr\u00eamios e onze primeiros lugares.\u201d<\/p>\n","protected":false},"excerpt":{"rendered":"<p>&nbsp; &nbsp; &nbsp; &nbsp; A hist\u00f3ria de Simone Dias Sampaio Silva com o\u00a0caf\u00e9\u00a0come\u00e7a na inf\u00e2ncia, em Araponga. A atividade sempre [&hellip;]<\/p>\n","protected":false},"featured_media":20630,"comment_status":"open","ping_status":"closed","template":"","meta":[],"product_cat":[150,152,172,171],"product_tag":[],"_links":{"self":[{"href":"https:\/\/cafedelrio.com.br\/wordpress\/wp-json\/wp\/v2\/product\/20636"}],"collection":[{"href":"https:\/\/cafedelrio.com.br\/wordpress\/wp-json\/wp\/v2\/product"}],"about":[{"href":"https:\/\/cafedelrio.com.br\/wordpress\/wp-json\/wp\/v2\/types\/product"}],"replies":[{"embeddable":true,"href":"https:\/\/cafedelrio.com.br\/wordpress\/wp-json\/wp\/v2\/comments?post=20636"}],"wp:featuredmedia":[{"embeddable":true,"href":"https:\/\/cafedelrio.com.br\/wordpress\/wp-json\/wp\/v2\/media\/20630"}],"wp:attachment":[{"href":"https:\/\/cafedelrio.com.br\/wordpress\/wp-json\/wp\/v2\/media?parent=20636"}],"wp:term":[{"taxonomy":"product_cat","embeddable":true,"href":"https:\/\/cafedelrio.com.br\/wordpress\/wp-json\/wp\/v2\/product_cat?post=20636"},{"taxonomy":"product_tag","embeddable":true,"href":"https:\/\/cafedelrio.com.br\/wordpress\/wp-json\/wp\/v2\/product_tag?post=20636"}],"curies":[{"name":"wp","href":"https:\/\/api.w.org\/{rel}","templated":true}]}}