{"id":20467,"date":"2020-11-29T01:53:15","date_gmt":"2020-11-29T04:53:15","guid":{"rendered":"https:\/\/cafedelrio.com.br\/wordpress\/?post_type=product&#038;p=20467"},"modified":"2022-03-07T11:00:30","modified_gmt":"2022-03-07T14:00:30","slug":"bolsa-de-juta-natural-cafes-do-brasil-prainha-rj","status":"publish","type":"product","link":"https:\/\/cafedelrio.com.br\/wordpress\/produto\/bolsa-de-juta-natural-cafes-do-brasil-prainha-rj\/","title":{"rendered":"Bolsa de juta natural Caf\u00e9s do Brasil &#8211; Prainha RJ"},"content":{"rendered":"","protected":false},"excerpt":{"rendered":"<p>Bolsa de juta natural e algod\u00e3o cru estampado caf\u00e9s e x\u00edcaras<\/p>\n","protected":false},"featured_media":20468,"comment_status":"open","ping_status":"closed","template":"","meta":[],"product_cat":[29,179],"product_tag":[],"_links":{"self":[{"href":"https:\/\/cafedelrio.com.br\/wordpress\/wp-json\/wp\/v2\/product\/20467"}],"collection":[{"href":"https:\/\/cafedelrio.com.br\/wordpress\/wp-json\/wp\/v2\/product"}],"about":[{"href":"https:\/\/cafedelrio.com.br\/wordpress\/wp-json\/wp\/v2\/types\/product"}],"replies":[{"embeddable":true,"href":"https:\/\/cafedelrio.com.br\/wordpress\/wp-json\/wp\/v2\/comments?post=20467"}],"wp:featuredmedia":[{"embeddable":true,"href":"https:\/\/cafedelrio.com.br\/wordpress\/wp-json\/wp\/v2\/media\/20468"}],"wp:attachment":[{"href":"https:\/\/cafedelrio.com.br\/wordpress\/wp-json\/wp\/v2\/media?parent=20467"}],"wp:term":[{"taxonomy":"product_cat","embeddable":true,"href":"https:\/\/cafedelrio.com.br\/wordpress\/wp-json\/wp\/v2\/product_cat?post=20467"},{"taxonomy":"product_tag","embeddable":true,"href":"https:\/\/cafedelrio.com.br\/wordpress\/wp-json\/wp\/v2\/product_tag?post=20467"}],"curies":[{"name":"wp","href":"https:\/\/api.w.org\/{rel}","templated":true}]}}