{"id":20120,"date":"2020-11-08T13:06:10","date_gmt":"2020-11-08T16:06:10","guid":{"rendered":"https:\/\/cafedelrio.com.br\/wordpress\/?post_type=product&#038;p=20120"},"modified":"2020-11-29T01:19:50","modified_gmt":"2020-11-29T04:19:50","slug":"cafe-natural-fermentado-iac-125-rn-castanha-jabuticaba-leve-alcoolico-rapadura-fazenda-semente-mg","status":"publish","type":"product","link":"https:\/\/cafedelrio.com.br\/wordpress\/produto\/cafe-natural-fermentado-iac-125-rn-castanha-jabuticaba-leve-alcoolico-rapadura-fazenda-semente-mg\/","title":{"rendered":"Natural fermentado, IAC 125 RN &#8211; Castanha \/ Jabuticaba \/ Leve alco\u00f3lico \/ Rapadura (Cerrado &#8211; MG)"},"content":{"rendered":"<p>PRODUTOR: Virg\u00ednia Aguiar<br \/>\nRegi\u00e3o: Patroc\u00ednio, Cerrado \u2013 MG<br \/>\nVariedade: IAC 125 RN \u2013 Processo: Natural Fermentado<br \/>\n<strong>Pontua\u00e7\u00e3o: 86,75 SCA<\/strong><br \/>\nSensorial: Castanha, Jabuticaba, Leve alco\u00f3lico e Rapadura<\/p>\n<p><strong>Safra: 20 \/ 21<\/strong><\/p>\n<p>&nbsp;<\/p>\n<p><strong>&#8212; FAZENDA SEMENTE &#8212;<\/strong><\/p>\n<p>&nbsp;<\/p>\n<p>H\u00e1 nove gera\u00e7\u00f5es, plantamos caf\u00e9 com amor. A hist\u00f3ria das colheitas se mistura com a da nossa fam\u00edlia. Em 1860, a fam\u00edlia Aguiar iniciou o cultivo de caf\u00e9 em Santo Ant\u00f4nio do Amparo, no sul de Minas Gerais. Na d\u00e9cada de 1970, nosso pai e av\u00f4, Edmundo Coutinho Aguiar, se mudou para Patroc\u00ednio levando consigo a tradi\u00e7\u00e3o cafeeira. A primeira lavoura da Fazenda Semente foi plantada por ele, em 1988, e a tradi\u00e7\u00e3o continua a se propagar em nosso sangue.<\/p>\n<p>Hoje, a Fazenda Semente \u00e9 administrada por Virg\u00ednia Coutinho Aguiar e dois de seus filhos, Jos\u00e9 Lucas e Maria Vit\u00f3ria. Uma fam\u00edlia apaixonada pelo que faz, que trabalha com afinco com os gr\u00e3os para garantir experi\u00eancias \u00fanicas aos apreciadores dessa bebida. A atividade exclusiva da Fazenda \u00e9 a produ\u00e7\u00e3o de caf\u00e9, e os mais de vinte cultivares s\u00e3o cuidadosamente selecionados para fornecer caf\u00e9s de qualidade e rastreabilidade.<\/p>\n<p>Com o tempo, nossa hist\u00f3ria e paix\u00e3o se combinaram a novas tecnologias e a propostas de manejo sustent\u00e1vel do neg\u00f3cio. Hoje, confiamos na combina\u00e7\u00e3o de tradi\u00e7\u00e3o e modernidade para proporcionar a nossos consumidores uma experi\u00eancia surpreendente em cada x\u00edcara de caf\u00e9.<\/p>\n<p>&nbsp;<\/p>\n<p><strong>Produtora:<\/strong> Virg\u00ednia Coutinho Aguiar Siqueira<\/p>\n<p><strong>Fazenda:<\/strong> Semente<\/p>\n<p><strong>Munic\u00edpio:<\/strong> Patroc\u00ednio\/MG<\/p>\n<p><strong>Altitude:<\/strong> 930m<\/p>\n<p><strong>Variedades:<\/strong> Arara, Mundo Novo, Oeiras, Top\u00e1zio, IAC 125 RN, Catua\u00ed 62\/144\/99\/25L, IPR 100, Bourbon Amarelo, Geisha, Acai\u00e1, Catigu\u00e1, Rubi MG 1192, Para\u00edso MG H 419-1, Araponga, Acai\u00e1 Cerrado MG 1474.<\/p>\n<p><strong>Processos:<\/strong> Natural, Cereja Descascado.<\/p>\n<p><strong>Certifica\u00e7\u00f5es:<\/strong> RainForest Alliance, Starbucks, Nespresso e Regi\u00e3o do Cerrado Mineiro.<\/p>\n","protected":false},"excerpt":{"rendered":"<p>PRODUTOR: Virg\u00ednia Aguiar Regi\u00e3o: Patroc\u00ednio, Cerrado \u2013 MG Variedade: IAC 125 RN \u2013 Processo: Natural Fermentado Pontua\u00e7\u00e3o: 86,75 SCA Sensorial: [&hellip;]<\/p>\n","protected":false},"featured_media":20209,"comment_status":"open","ping_status":"closed","template":"","meta":[],"product_cat":[150,152,173],"product_tag":[],"_links":{"self":[{"href":"https:\/\/cafedelrio.com.br\/wordpress\/wp-json\/wp\/v2\/product\/20120"}],"collection":[{"href":"https:\/\/cafedelrio.com.br\/wordpress\/wp-json\/wp\/v2\/product"}],"about":[{"href":"https:\/\/cafedelrio.com.br\/wordpress\/wp-json\/wp\/v2\/types\/product"}],"replies":[{"embeddable":true,"href":"https:\/\/cafedelrio.com.br\/wordpress\/wp-json\/wp\/v2\/comments?post=20120"}],"wp:featuredmedia":[{"embeddable":true,"href":"https:\/\/cafedelrio.com.br\/wordpress\/wp-json\/wp\/v2\/media\/20209"}],"wp:attachment":[{"href":"https:\/\/cafedelrio.com.br\/wordpress\/wp-json\/wp\/v2\/media?parent=20120"}],"wp:term":[{"taxonomy":"product_cat","embeddable":true,"href":"https:\/\/cafedelrio.com.br\/wordpress\/wp-json\/wp\/v2\/product_cat?post=20120"},{"taxonomy":"product_tag","embeddable":true,"href":"https:\/\/cafedelrio.com.br\/wordpress\/wp-json\/wp\/v2\/product_tag?post=20120"}],"curies":[{"name":"wp","href":"https:\/\/api.w.org\/{rel}","templated":true}]}}