{"id":20087,"date":"2020-10-24T14:16:08","date_gmt":"2020-10-24T17:16:08","guid":{"rendered":"https:\/\/cafedelrio.com.br\/wordpress\/?post_type=product&#038;p=20087"},"modified":"2021-08-19T09:57:15","modified_gmt":"2021-08-19T12:57:15","slug":"coador-hario-v60-vidro-branco-tamanho-01","status":"publish","type":"product","link":"https:\/\/cafedelrio.com.br\/wordpress\/produto\/coador-hario-v60-vidro-branco-tamanho-01\/","title":{"rendered":"Suporte Hario V60 01 Vidro branco VDG-01"},"content":{"rendered":"<p>O coador Hario V60 foi desenvolvido para o preparo de caf\u00e9 filtrado. Seu diferencial \u00e9 possuir espirais na parte interna que facilitam a expans\u00e3o do p\u00f3 de caf\u00e9 e uma grande abertura na base do coador, que permite controlar a velocidade e a absor\u00e7\u00e3o do caf\u00e9 durante o tempo de filtragem.<\/p>\n<p>Este coador acompanha uma colher medidora para facilitar na hora do preparo. Para resultados excelentes, recomenda-se o uso dos filtros de papel Hario V60-01.<\/p>\n<p>Informa\u00e7\u00f5es adicionais<br \/>\n1 unidade<br \/>\nMaterial: Vidro<br \/>\nCapacidade: 1-2 x\u00edcaras (240ml)<br \/>\nDimens\u00f5es: 11,10 x 10,7 x 9,8 cm<br \/>\nModelo: V60-01<br \/>\nCor: Transparente e Branco<br \/>\nMarca: Hario<br \/>\nGarantia: 3 meses para defeitos de fabrica\u00e7\u00e3o.<\/p>\n","protected":false},"excerpt":{"rendered":"<p>O coador Hario V60 foi desenvolvido para o preparo de caf\u00e9 filtrado. Seu diferencial \u00e9 possuir espirais na parte interna [&hellip;]<\/p>\n","protected":false},"featured_media":20154,"comment_status":"open","ping_status":"closed","template":"","meta":[],"product_cat":[29,164,168,166],"product_tag":[],"_links":{"self":[{"href":"https:\/\/cafedelrio.com.br\/wordpress\/wp-json\/wp\/v2\/product\/20087"}],"collection":[{"href":"https:\/\/cafedelrio.com.br\/wordpress\/wp-json\/wp\/v2\/product"}],"about":[{"href":"https:\/\/cafedelrio.com.br\/wordpress\/wp-json\/wp\/v2\/types\/product"}],"replies":[{"embeddable":true,"href":"https:\/\/cafedelrio.com.br\/wordpress\/wp-json\/wp\/v2\/comments?post=20087"}],"wp:featuredmedia":[{"embeddable":true,"href":"https:\/\/cafedelrio.com.br\/wordpress\/wp-json\/wp\/v2\/media\/20154"}],"wp:attachment":[{"href":"https:\/\/cafedelrio.com.br\/wordpress\/wp-json\/wp\/v2\/media?parent=20087"}],"wp:term":[{"taxonomy":"product_cat","embeddable":true,"href":"https:\/\/cafedelrio.com.br\/wordpress\/wp-json\/wp\/v2\/product_cat?post=20087"},{"taxonomy":"product_tag","embeddable":true,"href":"https:\/\/cafedelrio.com.br\/wordpress\/wp-json\/wp\/v2\/product_tag?post=20087"}],"curies":[{"name":"wp","href":"https:\/\/api.w.org\/{rel}","templated":true}]}}