{"id":20085,"date":"2020-10-24T14:07:43","date_gmt":"2020-10-24T17:07:43","guid":{"rendered":"https:\/\/cafedelrio.com.br\/wordpress\/?post_type=product&#038;p=20085"},"modified":"2022-08-02T10:32:42","modified_gmt":"2022-08-02T13:32:42","slug":"filtro-hario-v60-natural-100-unidades-tamanho-02","status":"publish","type":"product","link":"https:\/\/cafedelrio.com.br\/wordpress\/produto\/filtro-hario-v60-natural-100-unidades-tamanho-02\/","title":{"rendered":"Filtro Hario V60 Natural 100 unidades Tamanho 02"},"content":{"rendered":"<p>Filtro natural Hario V60 tamanho 02 (2 &#8211; 4 x\u00edcaras), em formato de cone, permite a filtragem por igual e n\u00e3o deixa que o fluxo de \u00e1gua encontre qualquer tipo de obst\u00e1culo, resultando em uma bebida limpa e saborosa (sem res\u00edduos), al\u00e9m de ressaltar algumas caracter\u00edsticas do gr\u00e3o de caf\u00e9, como acidez e do\u00e7ura.<\/p>\n<p>Feito de papel celul\u00f3sico de alta qualidade, na gramatura ideal, pode ser encontrado nas cores natural e branco. A diferen\u00e7a entre eles \u00e9 que os filtros brancos passam por processo de branqueamento com oxig\u00eanio, sem o uso de alvejantes.<\/p>\n<p><b>Compatibilidade:\u00a0<\/b>Coador V60 tamanho 02 (1-4 x\u00edcaras)<\/p>\n<p><strong>100 unidades<\/strong><\/p>\n<p>&nbsp;<\/p>\n<p>&nbsp;<\/p>\n","protected":false},"excerpt":{"rendered":"<p>Filtro natural Hario V60 tamanho 02 (2 &#8211; 4 x\u00edcaras), em formato de cone, permite a filtragem por igual e [&hellip;]<\/p>\n","protected":false},"featured_media":20070,"comment_status":"open","ping_status":"closed","template":"","meta":[],"product_cat":[29,164,166,168],"product_tag":[],"_links":{"self":[{"href":"https:\/\/cafedelrio.com.br\/wordpress\/wp-json\/wp\/v2\/product\/20085"}],"collection":[{"href":"https:\/\/cafedelrio.com.br\/wordpress\/wp-json\/wp\/v2\/product"}],"about":[{"href":"https:\/\/cafedelrio.com.br\/wordpress\/wp-json\/wp\/v2\/types\/product"}],"replies":[{"embeddable":true,"href":"https:\/\/cafedelrio.com.br\/wordpress\/wp-json\/wp\/v2\/comments?post=20085"}],"wp:featuredmedia":[{"embeddable":true,"href":"https:\/\/cafedelrio.com.br\/wordpress\/wp-json\/wp\/v2\/media\/20070"}],"wp:attachment":[{"href":"https:\/\/cafedelrio.com.br\/wordpress\/wp-json\/wp\/v2\/media?parent=20085"}],"wp:term":[{"taxonomy":"product_cat","embeddable":true,"href":"https:\/\/cafedelrio.com.br\/wordpress\/wp-json\/wp\/v2\/product_cat?post=20085"},{"taxonomy":"product_tag","embeddable":true,"href":"https:\/\/cafedelrio.com.br\/wordpress\/wp-json\/wp\/v2\/product_tag?post=20085"}],"curies":[{"name":"wp","href":"https:\/\/api.w.org\/{rel}","templated":true}]}}