{"id":20083,"date":"2020-10-24T14:00:26","date_gmt":"2020-10-24T17:00:26","guid":{"rendered":"https:\/\/cafedelrio.com.br\/wordpress\/?post_type=product&#038;p=20083"},"modified":"2020-11-08T15:48:15","modified_gmt":"2020-11-08T18:48:15","slug":"coador-hario-v60-metal-prata-tamanho-02","status":"publish","type":"product","link":"https:\/\/cafedelrio.com.br\/wordpress\/produto\/coador-hario-v60-metal-prata-tamanho-02\/","title":{"rendered":"Suporte para filtro de caf\u00e9 Hario V60 02 Metal Prata &#8211; VDM-02HSV"},"content":{"rendered":"<p>Hario V60 em metal \u00e9 feita de a\u00e7o inoxid\u00e1vel e, portanto, oferece boa condutividade t\u00e9rmica, o que permite um aquecimento r\u00e1pido e eficiente durante a extra\u00e7\u00e3o. O V60 \u00e9 o mais ic\u00f4nico dos novos m\u00e9todos de caf\u00e9 filtrado e possui in\u00fameras op\u00e7\u00f5es de material e tamanho para voc\u00ea preparar facilmente o seu tradicional caf\u00e9 coado no melhor estilo poss\u00edvel. O que diferencia o V60 e o torna especial \u00e9 que ele foi projetado para extrair o melhor do seu caf\u00e9 especial.<\/p>\n<p>&nbsp;<\/p>\n<p>Capacidade \/ Volume &#8212;&#8212;&#8212;&#8212;&#8212;&#8212; 1 a 4 x\u00edcaras<\/p>\n<p>Conte\u00fado da embalagem &#8212;&#8212;&#8212;&#8212;&#8211; 1 coador e 1 colher dosadora<\/p>\n<p>Dimens\u00f5es &#8212;&#8212;&#8212;&#8212;&#8212;&#8212;&#8212;&#8212;&#8212;&#8212; 13,5 x 12,3 x 9,3 cm<\/p>\n","protected":false},"excerpt":{"rendered":"<p>Hario V60 em metal \u00e9 feita de a\u00e7o inoxid\u00e1vel e, portanto, oferece boa condutividade t\u00e9rmica, o que permite um aquecimento [&hellip;]<\/p>\n","protected":false},"featured_media":20152,"comment_status":"open","ping_status":"closed","template":"","meta":[],"product_cat":[29,164,166,168],"product_tag":[],"_links":{"self":[{"href":"https:\/\/cafedelrio.com.br\/wordpress\/wp-json\/wp\/v2\/product\/20083"}],"collection":[{"href":"https:\/\/cafedelrio.com.br\/wordpress\/wp-json\/wp\/v2\/product"}],"about":[{"href":"https:\/\/cafedelrio.com.br\/wordpress\/wp-json\/wp\/v2\/types\/product"}],"replies":[{"embeddable":true,"href":"https:\/\/cafedelrio.com.br\/wordpress\/wp-json\/wp\/v2\/comments?post=20083"}],"wp:featuredmedia":[{"embeddable":true,"href":"https:\/\/cafedelrio.com.br\/wordpress\/wp-json\/wp\/v2\/media\/20152"}],"wp:attachment":[{"href":"https:\/\/cafedelrio.com.br\/wordpress\/wp-json\/wp\/v2\/media?parent=20083"}],"wp:term":[{"taxonomy":"product_cat","embeddable":true,"href":"https:\/\/cafedelrio.com.br\/wordpress\/wp-json\/wp\/v2\/product_cat?post=20083"},{"taxonomy":"product_tag","embeddable":true,"href":"https:\/\/cafedelrio.com.br\/wordpress\/wp-json\/wp\/v2\/product_tag?post=20083"}],"curies":[{"name":"wp","href":"https:\/\/api.w.org\/{rel}","templated":true}]}}