{"id":20080,"date":"2020-10-24T13:37:47","date_gmt":"2020-10-24T16:37:47","guid":{"rendered":"https:\/\/cafedelrio.com.br\/wordpress\/?post_type=product&#038;p=20080"},"modified":"2020-10-24T13:37:47","modified_gmt":"2020-10-24T16:37:47","slug":"filtro-circular-chemex-branco-pre-dobrado-100-un-chemex-ch-fc100","status":"publish","type":"product","link":"https:\/\/cafedelrio.com.br\/wordpress\/produto\/filtro-circular-chemex-branco-pre-dobrado-100-un-chemex-ch-fc100\/","title":{"rendered":"Filtro Circular Chemex Branco pr\u00e9-dobrado &#8211; 100 un. | Chemex &#8211; CH-FC100"},"content":{"rendered":"<p>Um filtro especial, desenvolvido especialmente para o cl\u00e1ssico Passador de Caf\u00e9 Chemex. J\u00e1 vem dobrado em formato de cone e se destaca pelo papel de alta qualidade, que realiza tripla filtragem. O resultado \u00e9 um caf\u00e9 limpo, sem res\u00edduos ou amargor, e equilibrado quanto a acidez, corpo e do\u00e7ura.<\/p>\n<p>Filtro compat\u00edvel com Chemex de 6 e 8 x\u00edcaras<\/p>\n<p>Informa\u00e7\u00f5es adicionais<\/p>\n<p>Quantidade: 100 unidades por embalagem<br \/>\nMaterial: papel<br \/>\nCor: branco<\/p>\n<p>Compatibilidade:<br \/>\nPassador de caf\u00e9 para 6 e 8 x\u00edcaras<br \/>\nModelo: CH-FC100<br \/>\nMarca: Chemex<br \/>\nGarantia: 3 meses para defeitos de fabrica\u00e7\u00e3o.<\/p>\n","protected":false},"excerpt":{"rendered":"<p>Um filtro especial, desenvolvido especialmente para o cl\u00e1ssico Passador de Caf\u00e9 Chemex. J\u00e1 vem dobrado em formato de cone e [&hellip;]<\/p>\n","protected":false},"featured_media":20068,"comment_status":"open","ping_status":"closed","template":"","meta":[],"product_cat":[29,165,167,164],"product_tag":[],"_links":{"self":[{"href":"https:\/\/cafedelrio.com.br\/wordpress\/wp-json\/wp\/v2\/product\/20080"}],"collection":[{"href":"https:\/\/cafedelrio.com.br\/wordpress\/wp-json\/wp\/v2\/product"}],"about":[{"href":"https:\/\/cafedelrio.com.br\/wordpress\/wp-json\/wp\/v2\/types\/product"}],"replies":[{"embeddable":true,"href":"https:\/\/cafedelrio.com.br\/wordpress\/wp-json\/wp\/v2\/comments?post=20080"}],"wp:featuredmedia":[{"embeddable":true,"href":"https:\/\/cafedelrio.com.br\/wordpress\/wp-json\/wp\/v2\/media\/20068"}],"wp:attachment":[{"href":"https:\/\/cafedelrio.com.br\/wordpress\/wp-json\/wp\/v2\/media?parent=20080"}],"wp:term":[{"taxonomy":"product_cat","embeddable":true,"href":"https:\/\/cafedelrio.com.br\/wordpress\/wp-json\/wp\/v2\/product_cat?post=20080"},{"taxonomy":"product_tag","embeddable":true,"href":"https:\/\/cafedelrio.com.br\/wordpress\/wp-json\/wp\/v2\/product_tag?post=20080"}],"curies":[{"name":"wp","href":"https:\/\/api.w.org\/{rel}","templated":true}]}}