{"id":20065,"date":"2020-10-24T12:25:45","date_gmt":"2020-10-24T15:25:45","guid":{"rendered":"https:\/\/cafedelrio.com.br\/wordpress\/?post_type=product&#038;p=20065"},"modified":"2021-08-19T09:49:45","modified_gmt":"2021-08-19T12:49:45","slug":"passador-de-cafe-com-alca-de-madeira-para-6-xicaras-chemex-ch-cm6a","status":"publish","type":"product","link":"https:\/\/cafedelrio.com.br\/wordpress\/produto\/passador-de-cafe-com-alca-de-madeira-para-6-xicaras-chemex-ch-cm6a\/","title":{"rendered":"Passador de caf\u00e9 com al\u00e7a de madeira para 6 x\u00edcaras &#8211; Chemex &#8211; CH-CM6A"},"content":{"rendered":"<p>Chemex, empresa americana especializada m utens\u00edlios de preparo de caf\u00e9s filtrados de alta qualidade. Possui formato de ampulheta e \u00e9 desenvolvido com material extremamente resistente a altas temperaturas e que n\u00e3o absorve res\u00edduos e odores.<\/p>\n<p>Jarra confeccionada em vidro com colar de madeira polida e la\u00e7o em<br \/>\ncouro.<\/p>\n<p>Informa\u00e7\u00f5es adicionais<br \/>\n1 unidade<br \/>\nMaterial: vidro, madeira polida e la\u00e7o em couro<br \/>\nCapacidade: 900 ml ( 6 x\u00edcaras)<br \/>\nDimens\u00f5es: 21,60 x 13 x 13 cm<br \/>\nModelo: CH-CM6A<br \/>\nMarca: Chemex<br \/>\nGarantia: 3 meses para defeitos de fabrica\u00e7\u00e3o.<\/p>\n","protected":false},"excerpt":{"rendered":"<p>Chemex, empresa americana especializada m utens\u00edlios de preparo de caf\u00e9s filtrados de alta qualidade. Possui formato de ampulheta e \u00e9 [&hellip;]<\/p>\n","protected":false},"featured_media":20151,"comment_status":"open","ping_status":"closed","template":"","meta":[],"product_cat":[29,167,165],"product_tag":[],"_links":{"self":[{"href":"https:\/\/cafedelrio.com.br\/wordpress\/wp-json\/wp\/v2\/product\/20065"}],"collection":[{"href":"https:\/\/cafedelrio.com.br\/wordpress\/wp-json\/wp\/v2\/product"}],"about":[{"href":"https:\/\/cafedelrio.com.br\/wordpress\/wp-json\/wp\/v2\/types\/product"}],"replies":[{"embeddable":true,"href":"https:\/\/cafedelrio.com.br\/wordpress\/wp-json\/wp\/v2\/comments?post=20065"}],"wp:featuredmedia":[{"embeddable":true,"href":"https:\/\/cafedelrio.com.br\/wordpress\/wp-json\/wp\/v2\/media\/20151"}],"wp:attachment":[{"href":"https:\/\/cafedelrio.com.br\/wordpress\/wp-json\/wp\/v2\/media?parent=20065"}],"wp:term":[{"taxonomy":"product_cat","embeddable":true,"href":"https:\/\/cafedelrio.com.br\/wordpress\/wp-json\/wp\/v2\/product_cat?post=20065"},{"taxonomy":"product_tag","embeddable":true,"href":"https:\/\/cafedelrio.com.br\/wordpress\/wp-json\/wp\/v2\/product_tag?post=20065"}],"curies":[{"name":"wp","href":"https:\/\/api.w.org\/{rel}","templated":true}]}}