{"id":3,"date":"2020-03-14T14:11:10","date_gmt":"2020-03-14T17:11:10","guid":{"rendered":"http:\/\/cafedelrio.com.br\/wordpress\/?page_id=3"},"modified":"2020-12-17T12:23:45","modified_gmt":"2020-12-17T15:23:45","slug":"politica-de-privacidade","status":"publish","type":"page","link":"https:\/\/cafedelrio.com.br\/wordpress\/politica-de-privacidade\/","title":{"rendered":"Pol\u00edtica de privacidade"},"content":{"rendered":"\r\n<h2 class=\"wp-block-heading\">Pol\u00edtica de privacidade<\/h2>\r\n<p>A Caf\u00e9 Del Rio, protege e reconhece a import\u00e2ncia da seguran\u00e7a e a privacidade de seus clientes. Dentro desses princ\u00edpios, institu\u00edmos a nossa Pol\u00edtica de Privacidade que recomendamos ser de conhecimento dos nossos clientes.<\/p>\r\n<p><strong>DADOS<\/strong><\/p>\r\n<p>A Caf\u00e9 Del Rio trabalha dentro dos princ\u00edpios estabelecidos no art. 2\u00ba da Lei Geral de Prote\u00e7\u00e3o de Dados Pessoais (LGPD):<\/p>\r\n<ul>\r\n<li>o respeito \u00e0 privacidade;<\/li>\r\n<li>a autodetermina\u00e7\u00e3o informativa;<\/li>\r\n<li>a liberdade de express\u00e3o, de informa\u00e7\u00e3o, de comunica\u00e7\u00e3o e de opini\u00e3o;<\/li>\r\n<li>a inviolabilidade da intimidade, da honra e da imagem;<\/li>\r\n<li>o desenvolvimento econ\u00f4mico e tecnol\u00f3gico e a inova\u00e7\u00e3o;\u00a0\u00a0<\/li>\r\n<li>a livre iniciativa, a livre concorr\u00eancia e a defesa do consumidor; e<\/li>\r\n<li>os direitos humanos, o livre desenvolvimento da personalidade, a dignidade e o exerc\u00edcio da cidadania pelas pessoas naturais.<\/li>\r\n<\/ul>\r\n<p>A express\u00e3o \u201cInforma\u00e7\u00f5es Cadastrais\u201d compreende todos os dados que ocasionalmente sejam capazes de reconhecer o cliente, contendo, nome, endere\u00e7o(s), endere\u00e7o eletr\u00f4nico (e-mail), telefone(s), RG, CPF, ou outros dados necess\u00e1rios para realizar o contato, pessoal ou profissional. Estas informa\u00e7\u00f5es s\u00e3o fornecidas sempre pelo cliente durante o preenchimento de algum dos formul\u00e1rios dispon\u00edveis em nosso site.<\/p>\r\n<p>O cliente tem o direito de obter, a qualquer momento e mediante requisi\u00e7\u00e3o o acesso aos dados, corre\u00e7\u00e3o de dados incompletos, inexatos ou desatualizados, al\u00e9m de confirma\u00e7\u00e3o da exist\u00eancia de tratamento, bloqueio ou elimina\u00e7\u00e3o de dados desnecess\u00e1rios.<\/p>\r\n<p>Esta pol\u00edtica se torna aceita e formalizada no instante em que o cliente insere suas informa\u00e7\u00f5es ou se cadastra em nosso site, de forma a desfrutar de nossos produtos e\/ou servi\u00e7os oferecidos, mesmo que de maneira gratuita.<\/p>\r\n<p><strong>TRATAMENTO DOS DADOS<\/strong><\/p>\r\n<p>As atividades de tratamento de dados pessoais observam a boa-f\u00e9 e os princ\u00edpios de finalidade, adequa\u00e7\u00e3o, necessidade, livre acesso, qualidade dos dados, transpar\u00eancia,\u00a0seguran\u00e7a, preven\u00e7\u00e3o, n\u00e3o discrimina\u00e7\u00e3o e responsabiliza\u00e7\u00e3o e presta\u00e7\u00e3o de contas, conforme o que solicita o art. 6\u00ba da LGPG.<\/p>\r\n<p>O tratamento de dados pessoais, conforme art. 7\u00ba da mesma lei, ser\u00e1 realizado:<\/p>\r\n<ul>\r\n<li>Mediante o fornecimento de consentimento pelo cliente, para o cumprimento de obriga\u00e7\u00e3o legal ou regulat\u00f3ria pelo controlador;<\/li>\r\n<li>Pela administra\u00e7\u00e3o p\u00fablica, para o tratamento e uso compartilhado de dados necess\u00e1rios \u00e0 execu\u00e7\u00e3o de pol\u00edticas p\u00fablicas previstas em leis e regulamentos ou respaldadas em contratos, conv\u00eanios ou instrumentos cong\u00eaneres,<\/li>\r\n<li>Quando necess\u00e1rio para a execu\u00e7\u00e3o de contrato ou de procedimentos preliminares relacionados a contrato do qual seja parte o titular, a pedido do titular dos dados;<\/li>\r\n<li>Para o exerc\u00edcio regular de direitos em processo judicial, administrativo ou arbitral,<\/li>\r\n<li>Para a prote\u00e7\u00e3o da vida ou da incolumidade f\u00edsica do titular ou de terceiros;<\/li>\r\n<li>Quando necess\u00e1rio para atender aos interesses leg\u00edtimos do controlador ou de terceiros, exceto no caso de prevalecerem direitos e liberdades fundamentais do titular que exijam a prote\u00e7\u00e3o dos dados pessoais; ou<\/li>\r\n<li>Para a prote\u00e7\u00e3o do cr\u00e9dito, inclusive quanto ao disposto na legisla\u00e7\u00e3o pertinente.<\/li>\r\n<\/ul>\r\n<p>O cliente tem o direito ao acesso facilitado \u00e0s informa\u00e7\u00f5es sobre o tratamento de seus dados, sendo disponibilizados pela Caf\u00e9 Del Rio de maneira clara, adequada e ostensiva acerca de, entre outras caracter\u00edsticas previstas em regulamenta\u00e7\u00e3o para o atendimento do princ\u00edpio do livre acesso.<\/p>\r\n<p>O t\u00e9rmino do tratamento de dados pessoais ocorrer\u00e1 quando a verifica\u00e7\u00e3o foi alcan\u00e7ada ou de que os dados deixaram de ser necess\u00e1rios e pertinentes ao alcance da finalidade espec\u00edfica almejada, fim do per\u00edodo de tratamento, comunica\u00e7\u00e3o do titular, inclusive no exerc\u00edcio de seu direito de revoga\u00e7\u00e3o do consentimento, resguardado o interesse p\u00fablico ou determina\u00e7\u00e3o da autoridade nacional.<\/p>\r\n<p>Os dados pessoais ser\u00e3o eliminados, ap\u00f3s o t\u00e9rmino de seu tratamento, sendo autorizada a conserva\u00e7\u00e3o para o cumprimento de obriga\u00e7\u00e3o legal ou regulat\u00f3ria pelo controlador, estudo por \u00f3rg\u00e3o de pesquisa, garantida, sempre que poss\u00edvel, manter an\u00f4nimos os dados pessoais, transfer\u00eancia a terceiro, desde que respeitados os requisitos de tratamento de dados dispostos nesta Lei; ou uso exclusivo do controlador, vedado seu acesso por terceiro.<\/p>\r\n<p>A Caf\u00e9 Del Rio tem como intuito a prote\u00e7\u00e3o das \u201cInforma\u00e7\u00f5es Cadastrais\u201d de seus clientes, possuindo al\u00e9m de seus m\u00e9todos internos de seguran\u00e7a de privacidade de dados, se dedica, ainda, no cumprimento de todas as normas vigentes, que possuem por finalidade assegurar a privacidade dos dados.<\/p>\r\n<p>As informa\u00e7\u00f5es colhidas s\u00e3o empregadas para a presta\u00e7\u00e3o de servi\u00e7os, entrega dos produtos e tamb\u00e9m para disponibiliza\u00e7\u00e3o de novos servi\u00e7os, produtos, funcionalidades e ofertas, sempre respeitando a privacidade do usu\u00e1rio e confidencialidade dos dados.<\/p>\r\n<p><strong>SENHAS<\/strong><\/p>\r\n<p>Salienta-se que, em \u00e1reas que requerem o reconhecimento e a senha do usu\u00e1rio, apenas este ter\u00e1 acesso \u00e0s informa\u00e7\u00f5es. \u00c9 importante e recomendado que o cliente nunca compartilhe sua senha, sendo ela pessoal e intransfer\u00edvel. Caso seja identificado algum tipo de uso n\u00e3o autorizado, modifique rapidamente as credenciais de acesso. A Caf\u00e9 Del Rio n\u00e3o se responsabiliza por clientes que tenham utilizado de forma inadequada a sua senha.<\/p>\r\n<p><strong>SEGURAN\u00c7A<\/strong><\/p>\r\n<p>Utilizamos sistemas de e-commerce e firewalls de seguran\u00e7a, de forma a impossibilitar viola\u00e7\u00f5es e prote\u00e7\u00e3o na coleta e armazenamento de dados sens\u00edveis, impedindo invas\u00f5es de terceiros e garantindo que apenas pessoas autorizadas possam acessar aos dados.<\/p>\r\n<p>Vale ressaltar que o n\u00famero do cart\u00e3o de cr\u00e9dito que o cliente utiliza para realizar a compra somente \u00e9 usado no ato da compra, n\u00e3o ficando registrado em nossos registros e sistema. As informa\u00e7\u00f5es ficam guardadas nos registros pessoas dos clientes.<\/p>\r\n<p><strong>USO DE COOKIES<\/strong><\/p>\r\n<p>O\u00a0cookie\u00a0permite que o website \u201clembre\u201d suas a\u00e7\u00f5es ou prefer\u00eancias ao longo do tempo. A maioria dos navegadores da Internet aceitam\u00a0cookies; entretanto, os clientes podem configurar seus navegadores para recusar certos tipos de\u00a0cookies\u00a0ou\u00a0cookies\u00a0espec\u00edficos.<\/p>\r\n","protected":false},"excerpt":{"rendered":"<p>Pol\u00edtica de privacidade A Caf\u00e9 Del Rio, protege e reconhece a import\u00e2ncia da seguran\u00e7a e a privacidade de seus clientes. [&hellip;]<\/p>\n","protected":false},"author":1,"featured_media":0,"parent":0,"menu_order":0,"comment_status":"closed","ping_status":"closed","template":"100-width.php","meta":{"footnotes":""},"_links":{"self":[{"href":"https:\/\/cafedelrio.com.br\/wordpress\/wp-json\/wp\/v2\/pages\/3"}],"collection":[{"href":"https:\/\/cafedelrio.com.br\/wordpress\/wp-json\/wp\/v2\/pages"}],"about":[{"href":"https:\/\/cafedelrio.com.br\/wordpress\/wp-json\/wp\/v2\/types\/page"}],"author":[{"embeddable":true,"href":"https:\/\/cafedelrio.com.br\/wordpress\/wp-json\/wp\/v2\/users\/1"}],"replies":[{"embeddable":true,"href":"https:\/\/cafedelrio.com.br\/wordpress\/wp-json\/wp\/v2\/comments?post=3"}],"version-history":[{"count":7,"href":"https:\/\/cafedelrio.com.br\/wordpress\/wp-json\/wp\/v2\/pages\/3\/revisions"}],"predecessor-version":[{"id":20542,"href":"https:\/\/cafedelrio.com.br\/wordpress\/wp-json\/wp\/v2\/pages\/3\/revisions\/20542"}],"wp:attachment":[{"href":"https:\/\/cafedelrio.com.br\/wordpress\/wp-json\/wp\/v2\/media?parent=3"}],"curies":[{"name":"wp","href":"https:\/\/api.w.org\/{rel}","templated":true}]}}