{"id":20534,"date":"2020-12-17T12:08:22","date_gmt":"2020-12-17T15:08:22","guid":{"rendered":"https:\/\/cafedelrio.com.br\/wordpress\/?page_id=20534"},"modified":"2020-12-17T12:24:52","modified_gmt":"2020-12-17T15:24:52","slug":"politica-de-restituicao-de-valores","status":"publish","type":"page","link":"https:\/\/cafedelrio.com.br\/wordpress\/politica-de-restituicao-de-valores\/","title":{"rendered":"Pol\u00edtica de Restitui\u00e7\u00e3o de Valores"},"content":{"rendered":"<h2>Pol\u00edtica de Restitui\u00e7\u00e3o de Valores<\/h2>\n<p>Uma vez validado o cancelamento da compra, os valores ser\u00e3o reembolsados ao cliente de acordo com a forma de pagamento utilizado no momento da compra.<\/p>\n<p>Boleto banc\u00e1rio:\u00a0o reembolso ser\u00e1 realizado em conta corrente ou poupan\u00e7a do titular da compra no prazo de at\u00e9 05 (cinco) dias \u00fateis.\u00a0O mesmo deve informar o numero da conta que pretende receber o reembolso.<\/p>\n<p>Cart\u00e3o de cr\u00e9dito:\u00a0a\u00a0Caf\u00e9 Del Rio entrar\u00e1 em contato com a administradora do cart\u00e3o de cr\u00e9dito no prazo de at\u00e9 04 (quatro) dias \u00fateis. O reembolso ser\u00e1 feito em at\u00e9 duas faturas subsequentes.<\/p>\n<p>Transfer\u00eancia banc\u00e1ria:\u00a0o reembolso ser\u00e1 realizado em conta corrente ou poupan\u00e7a do titular da compra no prazo de at\u00e9 02 (dois) dias \u00fateis.\u00a0O mesmo deve informar o numero da conta que pretende receber o reembolso.<\/p>\n<p><strong>ATEN\u00c7\u00c3O:\u00a0Os prazos ser\u00e3o contados ap\u00f3s a devolu\u00e7\u00e3o e recebimento dos produtos.<\/strong><\/p>\n<p><a href=\"about:blank\">comercial@cafedelrio.com.br<\/a><\/p>\n<p>Telefone: (21) 2467-5052<\/p>\n","protected":false},"excerpt":{"rendered":"<p>Pol\u00edtica de Restitui\u00e7\u00e3o de Valores Uma vez validado o cancelamento da compra, os valores ser\u00e3o reembolsados ao cliente de acordo [&hellip;]<\/p>\n","protected":false},"author":1,"featured_media":0,"parent":0,"menu_order":0,"comment_status":"closed","ping_status":"closed","template":"100-width.php","meta":{"footnotes":""},"_links":{"self":[{"href":"https:\/\/cafedelrio.com.br\/wordpress\/wp-json\/wp\/v2\/pages\/20534"}],"collection":[{"href":"https:\/\/cafedelrio.com.br\/wordpress\/wp-json\/wp\/v2\/pages"}],"about":[{"href":"https:\/\/cafedelrio.com.br\/wordpress\/wp-json\/wp\/v2\/types\/page"}],"author":[{"embeddable":true,"href":"https:\/\/cafedelrio.com.br\/wordpress\/wp-json\/wp\/v2\/users\/1"}],"replies":[{"embeddable":true,"href":"https:\/\/cafedelrio.com.br\/wordpress\/wp-json\/wp\/v2\/comments?post=20534"}],"version-history":[{"count":3,"href":"https:\/\/cafedelrio.com.br\/wordpress\/wp-json\/wp\/v2\/pages\/20534\/revisions"}],"predecessor-version":[{"id":20543,"href":"https:\/\/cafedelrio.com.br\/wordpress\/wp-json\/wp\/v2\/pages\/20534\/revisions\/20543"}],"wp:attachment":[{"href":"https:\/\/cafedelrio.com.br\/wordpress\/wp-json\/wp\/v2\/media?parent=20534"}],"curies":[{"name":"wp","href":"https:\/\/api.w.org\/{rel}","templated":true}]}}