{"id":20167,"date":"2020-11-11T23:46:43","date_gmt":"2020-11-12T02:46:43","guid":{"rendered":"https:\/\/cafedelrio.com.br\/wordpress\/?page_id=20167"},"modified":"2020-11-24T14:09:27","modified_gmt":"2020-11-24T17:09:27","slug":"contato","status":"publish","type":"page","link":"https:\/\/cafedelrio.com.br\/wordpress\/contato\/","title":{"rendered":"Contato"},"content":{"rendered":"<div class=\"fusion-fullwidth fullwidth-box fusion-builder-row-1 nonhundred-percent-fullwidth non-hundred-percent-height-scrolling\" style=\"background-color: #ffffff;background-position: center center;background-repeat: no-repeat;padding-top:0px;padding-right:0px;padding-bottom:0px;padding-left:0px;margin-bottom: 0px;margin-top: 0px;border-width: 0px 0px 0px 0px;border-color:#eae9e9;border-style:solid;\" ><div class=\"fusion-builder-row fusion-row\"><div class=\"fusion-layout-column fusion_builder_column fusion-builder-column-0 fusion_builder_column_3_5 3_5 fusion-three-fifth fusion-column-first\" style=\"width:60%;width:calc(60% - ( ( 4% ) * 0.6 ) );margin-right: 4%;margin-top:15px;margin-bottom:15px;\"><div class=\"fusion-column-wrapper fusion-flex-column-wrapper-legacy\" style=\"background-position:left top;background-repeat:no-repeat;-webkit-background-size:cover;-moz-background-size:cover;-o-background-size:cover;background-size:cover;padding: 0px 0px 0px 0px;\"><div class=\"fusion-text fusion-text-1\"><p><strong>Juntos podemos fazer o seu caf\u00e9 melhor.<\/strong><\/p>\n<p>N\u00f3s estamos sempre felizes em realizar parcerias, seja ela pequena ou grande, o que n\u00f3s queremos \u00e9 compartilhar nossa paix\u00e3o pelo caf\u00e9. N\u00f3s podemos acomodar pequenas ou grandes distribui\u00e7\u00f5es para todos os tipos de neg\u00f3cios.<\/p>\n<section>\n<div>\n<p>Tratamos nosso caf\u00e9 como um campo de explora\u00e7\u00e3o, onde experimentamos id\u00e9ias, acumulamos conhecimento e aprimoramos nossas habilidades, sempre com o objetivo de oferecer o que existe de melhor no universo dos caf\u00e9s, e assim poder atender as suas necessidades.<\/p>\n<p>O que podemos oferecer:<\/p>\n<p>Criamos solu\u00e7\u00f5es para gastronomia, restaurantes, lojas de conveni\u00eancia e escrit\u00f3rios, fornecendo caf\u00e9s, m\u00e1quinas sob medida e treinamento de pessoal. Tamb\u00e9m contamos com o servi\u00e7o de pr\u00f3pria marca, onde o cliente distribuidor tem a possibilidade de comprar nossos caf\u00e9s e distribuir com a sua pr\u00f3pria identidade. Al\u00e9m disso, estamos sempre prontos para desenvolver parceiros de neg\u00f3cios que tenham interesse em vender o nosso caf\u00e9.<\/p>\n<p>Para se tornar um parceiro de neg\u00f3cios, perguntas e compras, entre em contato diretamente atrav\u00e9s do e-mail:\u00a0<a href=\"mailto:comercial@cafedelrio.com.br\" target=\"_blank\" rel=\"noopener noreferrer\">comercial@cafedelrio.com.br<\/a><\/p>\n<\/div>\n<\/section>\n<\/div><div class=\"fusion-clearfix\"><\/div><\/div><\/div><div class=\"fusion-layout-column fusion_builder_column fusion-builder-column-1 fusion_builder_column_2_5 2_5 fusion-two-fifth fusion-column-last\" style=\"width:40%;width:calc(40% - ( ( 4% ) * 0.4 ) );margin-top:15px;margin-bottom:15px;\"><div class=\"fusion-column-wrapper fusion-flex-column-wrapper-legacy\" style=\"background-position:left top;background-repeat:no-repeat;-webkit-background-size:cover;-moz-background-size:cover;-o-background-size:cover;background-size:cover;padding: 0px 0px 0px 0px;\">\n<div class=\"wpcf7 no-js\" id=\"wpcf7-f9-o1\" lang=\"en-US\" dir=\"ltr\">\n<div class=\"screen-reader-response\"><p role=\"status\" aria-live=\"polite\" aria-atomic=\"true\"><\/p> <ul><\/ul><\/div>\n<form action=\"\/wordpress\/wp-json\/wp\/v2\/pages\/20167#wpcf7-f9-o1\" method=\"post\" class=\"wpcf7-form init\" aria-label=\"Contact form\" novalidate=\"novalidate\" data-status=\"init\">\n<div style=\"display: none;\">\n<input type=\"hidden\" name=\"_wpcf7\" value=\"9\" \/>\n<input type=\"hidden\" name=\"_wpcf7_version\" value=\"5.8.1\" \/>\n<input type=\"hidden\" name=\"_wpcf7_locale\" value=\"en_US\" \/>\n<input type=\"hidden\" name=\"_wpcf7_unit_tag\" value=\"wpcf7-f9-o1\" \/>\n<input type=\"hidden\" name=\"_wpcf7_container_post\" value=\"0\" \/>\n<input type=\"hidden\" name=\"_wpcf7_posted_data_hash\" value=\"\" \/>\n<\/div>\n<p><label>Nome (obrigat\u00f3rio)<\/label><br \/>\n<span class=\"wpcf7-form-control-wrap\" data-name=\"your-name\"><input size=\"40\" class=\"wpcf7-form-control wpcf7-text wpcf7-validates-as-required\" aria-required=\"true\" aria-invalid=\"false\" value=\"\" type=\"text\" name=\"your-name\" \/><\/span>\n<\/p>\n<p><label>Email (obrigat\u00f3rio)<\/label><br \/>\n<span class=\"wpcf7-form-control-wrap\" data-name=\"your-email\"><input size=\"40\" class=\"wpcf7-form-control wpcf7-email wpcf7-validates-as-required wpcf7-text wpcf7-validates-as-email\" aria-required=\"true\" aria-invalid=\"false\" value=\"\" type=\"email\" name=\"your-email\" \/><\/span>\n<\/p>\n<p><label>Assunto (obrigat\u00f3rio)<\/label><br \/>\n<span class=\"wpcf7-form-control-wrap\" data-name=\"your-subject\"><select class=\"wpcf7-form-control wpcf7-select wpcf7-validates-as-required\" aria-required=\"true\" aria-invalid=\"false\" name=\"your-subject\"><option value=\"D\u00favidas, sugest\u00f5es, reclama\u00e7\u00f5es ou assuntos relacionados ao seu pedido\">D\u00favidas, sugest\u00f5es, reclama\u00e7\u00f5es ou assuntos relacionados ao seu pedido<\/option><option value=\"Parceria Comercial\">Parceria Comercial<\/option><\/select><\/span>\n<\/p>\n<p><label>Mensagem (obrigat\u00f3rio)<\/label><br \/>\n<span class=\"wpcf7-form-control-wrap\" data-name=\"your-message\"><textarea cols=\"40\" rows=\"10\" class=\"wpcf7-form-control wpcf7-textarea\" aria-invalid=\"false\" name=\"your-message\"><\/textarea><\/span>\n<\/p>\n<p><input class=\"wpcf7-form-control wpcf7-submit has-spinner button\" type=\"submit\" value=\"Enviar\" \/>\n<\/p><div class=\"fusion-alert alert custom alert-custom fusion-alert-center wpcf7-response-output fusion-alert-capitalize alert-dismissable\" style=\"border-width:1px;\"><button type=\"button\" class=\"close toggle-alert\" data-dismiss=\"alert\" aria-hidden=\"true\">&times;<\/button><div class=\"fusion-alert-content-wrapper\"><span class=\"fusion-alert-content\"><\/span><\/div><\/div>\n<\/form>\n<\/div>\n<div class=\"fusion-clearfix\"><\/div><\/div><\/div><\/div><\/div>\n","protected":false},"excerpt":{"rendered":"","protected":false},"author":1,"featured_media":0,"parent":0,"menu_order":0,"comment_status":"closed","ping_status":"closed","template":"","meta":{"footnotes":""},"_links":{"self":[{"href":"https:\/\/cafedelrio.com.br\/wordpress\/wp-json\/wp\/v2\/pages\/20167"}],"collection":[{"href":"https:\/\/cafedelrio.com.br\/wordpress\/wp-json\/wp\/v2\/pages"}],"about":[{"href":"https:\/\/cafedelrio.com.br\/wordpress\/wp-json\/wp\/v2\/types\/page"}],"author":[{"embeddable":true,"href":"https:\/\/cafedelrio.com.br\/wordpress\/wp-json\/wp\/v2\/users\/1"}],"replies":[{"embeddable":true,"href":"https:\/\/cafedelrio.com.br\/wordpress\/wp-json\/wp\/v2\/comments?post=20167"}],"version-history":[{"count":2,"href":"https:\/\/cafedelrio.com.br\/wordpress\/wp-json\/wp\/v2\/pages\/20167\/revisions"}],"predecessor-version":[{"id":20295,"href":"https:\/\/cafedelrio.com.br\/wordpress\/wp-json\/wp\/v2\/pages\/20167\/revisions\/20295"}],"wp:attachment":[{"href":"https:\/\/cafedelrio.com.br\/wordpress\/wp-json\/wp\/v2\/media?parent=20167"}],"curies":[{"name":"wp","href":"https:\/\/api.w.org\/{rel}","templated":true}]}}