{"id":19923,"date":"2020-05-13T00:42:31","date_gmt":"2020-05-13T03:42:31","guid":{"rendered":"https:\/\/cafedelrio.com.br\/wordpress\/?page_id=19923"},"modified":"2020-10-07T21:18:25","modified_gmt":"2020-10-08T00:18:25","slug":"cafe-e-arte","status":"publish","type":"page","link":"https:\/\/cafedelrio.com.br\/wordpress\/cafe-e-arte\/","title":{"rendered":"Caf\u00e9 e Arte"},"content":{"rendered":"<p><div class=\"fusion-fullwidth fullwidth-box fusion-builder-row-1 hundred-percent-fullwidth non-hundred-percent-height-scrolling\" style=\"background-color: #ffffff;background-position: center center;background-repeat: no-repeat;padding-top:0px;padding-right:110px;padding-bottom:0px;padding-left:110px;margin-bottom: 0px;margin-top: 0px;border-width: 0px 0px 0px 0px;border-color:#eae9e9;border-style:solid;\" ><div class=\"fusion-builder-row fusion-row\"><div class=\"fusion-layout-column fusion_builder_column fusion-builder-column-0 fusion_builder_column_1_3 1_3 fusion-one-third fusion-column-first\" style=\"width:33.333333333333%;width:calc(33.333333333333% - ( ( 4% ) * 0.33333333333333 ) );margin-right: 4%;margin-top:15px;margin-bottom:15px;\"><div class=\"fusion-column-wrapper fusion-flex-column-wrapper-legacy\" style=\"background-position:left top;background-repeat:no-repeat;-webkit-background-size:cover;-moz-background-size:cover;-o-background-size:cover;background-size:cover;padding: 0px 0px 0px 0px;\"><span class=\" fusion-imageframe imageframe-dropshadow imageframe-1 hover-type-none\" style=\"border:5px solid #f6f6f6;-webkit-box-shadow: 3px 3px 7px rgba(0,0,0,0.3);box-shadow: 3px 3px 7px rgba(0,0,0,0.3);\"><img decoding=\"async\" width=\"1000\" height=\"718\" title=\"mentimperator\" src=\"https:\/\/cafedelrio.com.br\/wordpress\/wp-content\/uploads\/2020\/05\/mentimperator.jpg\" class=\"img-responsive wp-image-19924\" srcset=\"https:\/\/cafedelrio.com.br\/wordpress\/wp-content\/uploads\/2020\/05\/mentimperator-200x144.jpg 200w, https:\/\/cafedelrio.com.br\/wordpress\/wp-content\/uploads\/2020\/05\/mentimperator-400x287.jpg 400w, https:\/\/cafedelrio.com.br\/wordpress\/wp-content\/uploads\/2020\/05\/mentimperator-600x431.jpg 600w, https:\/\/cafedelrio.com.br\/wordpress\/wp-content\/uploads\/2020\/05\/mentimperator-800x574.jpg 800w, https:\/\/cafedelrio.com.br\/wordpress\/wp-content\/uploads\/2020\/05\/mentimperator.jpg 1000w\" sizes=\"(max-width: 800px) 100vw, 400px\" \/><\/span><div class=\"fusion-clearfix\"><\/div><\/div><\/div><div class=\"fusion-layout-column fusion_builder_column fusion-builder-column-1 fusion_builder_column_2_3 2_3 fusion-two-third fusion-column-last\" style=\"width:66.666666666667%;width:calc(66.666666666667% - ( ( 4% ) * 0.66666666666667 ) );margin-top:15px;margin-bottom:15px;\"><div class=\"fusion-column-wrapper fusion-flex-column-wrapper-legacy\" style=\"background-position:left top;background-repeat:no-repeat;-webkit-background-size:cover;-moz-background-size:cover;-o-background-size:cover;background-size:cover;padding: 0px 0px 0px 0px;\"><div class=\"fusion-text fusion-text-1\"><h3><strong>Marcelo Ment<\/strong><\/h3>\n<p>Carioca, da primeira gera\u00e7\u00e3o de artistas do graffiti no Rio de Janeiro e um dos nomes mais atuantes da arte urbana contempor\u00e2nea brasileira na atualidade, com obras e grandes publica\u00e7\u00f5es do g\u00eanero expostas no Brasil e no mundo.<\/p>\n<p>Em parceria com a Caf\u00e9 Del Rio, Ment uniu os elementos do universo do caf\u00e9 com sua pegada art\u00edstica, de modo a retratar a rela\u00e7\u00e3o estreita que existe entre o ambiente urbano e a rotina das pessoas no consumo dos caf\u00e9s.<\/p>\n<p><a href=\"https:\/\/www.instagram.com\/marceloment\/\">INSTAGRAM<\/a> &#038; <a href=\"https:\/\/marceloment.com\/\/\">WEBSITE<\/a><\/p>\n<\/div><div class=\"fusion-clearfix\"><\/div><\/div><\/div><\/div><\/div><div class=\"fusion-fullwidth fullwidth-box fusion-builder-row-2 hundred-percent-fullwidth non-hundred-percent-height-scrolling\" style=\"background-color: #ffffff;background-position: center center;background-repeat: no-repeat;padding-top:0px;padding-right:110px;padding-bottom:0px;padding-left:110px;margin-bottom: 0px;margin-top: 0px;border-width: 0px 0px 0px 0px;border-color:#eae9e9;border-style:solid;\" ><div class=\"fusion-builder-row fusion-row\"><div class=\"fusion-layout-column fusion_builder_column fusion-builder-column-2 fusion_builder_column_1_1 1_1 fusion-one-full fusion-column-first fusion-column-last fusion-column-no-min-height\" style=\"margin-top:15px;margin-bottom:15px;\"><div class=\"fusion-column-wrapper fusion-flex-column-wrapper-legacy\" style=\"background-position:left top;background-repeat:no-repeat;-webkit-background-size:cover;-moz-background-size:cover;-o-background-size:cover;background-size:cover;padding: 0px 0px 0px 0px;\"><style type=\"text\/css\">.fusion-gallery-1 .fusion-gallery-image {border:0px solid #f6f6f6;}<\/style><div class=\"fusion-gallery fusion-gallery-container fusion-grid-4 fusion-columns-total-4 fusion-gallery-layout-masonry fusion-gallery-1\" style=\"margin:0px;\"><div class=\"fusion-grid-column fusion-gallery-column fusion-gallery-column-4 hover-type-zoomin fusion-grid-sizer\"><\/div><div style=\"padding:0px;\" class=\"fusion-grid-column fusion-gallery-column fusion-gallery-column-4 hover-type-zoomin fusion-element-landscape fusion-element-portrait\"><div class=\"fusion-gallery-image\"><div style=\"background-image:url(https:\/\/cafedelrio.com.br\/wordpress\/wp-content\/uploads\/2020\/10\/coracao.jpg);padding-top:calc((100% + 0px) * 0.8);\" class=\"fusion-masonry-element-container\"><img decoding=\"async\" src=\"https:\/\/cafedelrio.com.br\/wordpress\/wp-content\/uploads\/2020\/10\/coracao.jpg\" width=\"552\" height=\"547\" alt=\"\" title=\"coracao\" aria-label=\"coracao\" class=\"img-responsive wp-image-20028 fusion-gallery-image-size-fixed\" srcset=\"https:\/\/cafedelrio.com.br\/wordpress\/wp-content\/uploads\/2020\/10\/coracao-200x198.jpg 200w, https:\/\/cafedelrio.com.br\/wordpress\/wp-content\/uploads\/2020\/10\/coracao-400x396.jpg 400w, https:\/\/cafedelrio.com.br\/wordpress\/wp-content\/uploads\/2020\/10\/coracao.jpg 552w\" sizes=\"(min-width: 2200px) 100vw, (min-width: 732px) 585px, (min-width: 640px) 732px, \" \/><\/div><\/div><\/div><div style=\"padding:0px;\" class=\"fusion-grid-column fusion-gallery-column fusion-gallery-column-4 hover-type-zoomin fusion-element-landscape fusion-element-portrait\"><div class=\"fusion-gallery-image\"><div style=\"background-image:url(https:\/\/cafedelrio.com.br\/wordpress\/wp-content\/uploads\/2020\/10\/arte_logojpg.jpg);padding-top:calc((100% + 0px) * 0.8);\" class=\"fusion-masonry-element-container\"><img decoding=\"async\" src=\"https:\/\/cafedelrio.com.br\/wordpress\/wp-content\/uploads\/2020\/10\/arte_logojpg.jpg\" width=\"552\" height=\"547\" alt=\"\" title=\"arte_logojpg\" aria-label=\"arte_logojpg\" class=\"img-responsive wp-image-20026 fusion-gallery-image-size-fixed\" srcset=\"https:\/\/cafedelrio.com.br\/wordpress\/wp-content\/uploads\/2020\/10\/arte_logojpg-200x198.jpg 200w, https:\/\/cafedelrio.com.br\/wordpress\/wp-content\/uploads\/2020\/10\/arte_logojpg-400x396.jpg 400w, https:\/\/cafedelrio.com.br\/wordpress\/wp-content\/uploads\/2020\/10\/arte_logojpg.jpg 552w\" sizes=\"(min-width: 2200px) 100vw, (min-width: 732px) 585px, (min-width: 640px) 732px, \" \/><\/div><\/div><\/div><div style=\"padding:0px;\" class=\"fusion-grid-column fusion-gallery-column fusion-gallery-column-4 hover-type-zoomin fusion-element-landscape fusion-element-portrait\"><div class=\"fusion-gallery-image\"><div style=\"background-image:url(https:\/\/cafedelrio.com.br\/wordpress\/wp-content\/uploads\/2020\/10\/cafe-arte.jpg);padding-top:calc((100% + 0px) * 0.8);\" class=\"fusion-masonry-element-container\"><img decoding=\"async\" src=\"https:\/\/cafedelrio.com.br\/wordpress\/wp-content\/uploads\/2020\/10\/cafe-arte.jpg\" width=\"552\" height=\"547\" alt=\"\" title=\"caf\u00e9 arte\" aria-label=\"caf\u00e9 arte\" class=\"img-responsive wp-image-20027 fusion-gallery-image-size-fixed\" srcset=\"https:\/\/cafedelrio.com.br\/wordpress\/wp-content\/uploads\/2020\/10\/cafe-arte-200x198.jpg 200w, https:\/\/cafedelrio.com.br\/wordpress\/wp-content\/uploads\/2020\/10\/cafe-arte-400x396.jpg 400w, https:\/\/cafedelrio.com.br\/wordpress\/wp-content\/uploads\/2020\/10\/cafe-arte.jpg 552w\" sizes=\"(min-width: 2200px) 100vw, (min-width: 732px) 585px, (min-width: 640px) 732px, \" \/><\/div><\/div><\/div><div style=\"padding:0px;\" class=\"fusion-grid-column fusion-gallery-column fusion-gallery-column-4 hover-type-zoomin fusion-element-landscape fusion-element-portrait\"><div class=\"fusion-gallery-image\"><div style=\"background-image:url(https:\/\/cafedelrio.com.br\/wordpress\/wp-content\/uploads\/2020\/04\/49385204_2224209831126503_4715873880101905359_n.jpg);padding-top:calc((100% + 0px) * 0.8);\" class=\"fusion-masonry-element-container\"><img decoding=\"async\" src=\"https:\/\/cafedelrio.com.br\/wordpress\/wp-content\/uploads\/2020\/04\/49385204_2224209831126503_4715873880101905359_n.jpg\" width=\"1080\" height=\"1080\" alt=\"\" title=\"49385204_2224209831126503_4715873880101905359_n\" aria-label=\"49385204_2224209831126503_4715873880101905359_n\" class=\"img-responsive wp-image-19734 fusion-gallery-image-size-fixed\" srcset=\"https:\/\/cafedelrio.com.br\/wordpress\/wp-content\/uploads\/2020\/04\/49385204_2224209831126503_4715873880101905359_n-200x200.jpg 200w, https:\/\/cafedelrio.com.br\/wordpress\/wp-content\/uploads\/2020\/04\/49385204_2224209831126503_4715873880101905359_n-400x400.jpg 400w, https:\/\/cafedelrio.com.br\/wordpress\/wp-content\/uploads\/2020\/04\/49385204_2224209831126503_4715873880101905359_n-600x600.jpg 600w, https:\/\/cafedelrio.com.br\/wordpress\/wp-content\/uploads\/2020\/04\/49385204_2224209831126503_4715873880101905359_n-800x800.jpg 800w, https:\/\/cafedelrio.com.br\/wordpress\/wp-content\/uploads\/2020\/04\/49385204_2224209831126503_4715873880101905359_n.jpg 1080w\" sizes=\"(min-width: 2200px) 100vw, (min-width: 732px) 585px, (min-width: 640px) 732px, \" \/><\/div><\/div><\/div><\/div><div class=\"fusion-clearfix\"><\/div><\/div><\/div><\/div><\/div><\/p>\n","protected":false},"excerpt":{"rendered":"","protected":false},"author":1,"featured_media":0,"parent":0,"menu_order":0,"comment_status":"closed","ping_status":"closed","template":"100-width.php","meta":{"footnotes":""},"_links":{"self":[{"href":"https:\/\/cafedelrio.com.br\/wordpress\/wp-json\/wp\/v2\/pages\/19923"}],"collection":[{"href":"https:\/\/cafedelrio.com.br\/wordpress\/wp-json\/wp\/v2\/pages"}],"about":[{"href":"https:\/\/cafedelrio.com.br\/wordpress\/wp-json\/wp\/v2\/types\/page"}],"author":[{"embeddable":true,"href":"https:\/\/cafedelrio.com.br\/wordpress\/wp-json\/wp\/v2\/users\/1"}],"replies":[{"embeddable":true,"href":"https:\/\/cafedelrio.com.br\/wordpress\/wp-json\/wp\/v2\/comments?post=19923"}],"version-history":[{"count":10,"href":"https:\/\/cafedelrio.com.br\/wordpress\/wp-json\/wp\/v2\/pages\/19923\/revisions"}],"predecessor-version":[{"id":20041,"href":"https:\/\/cafedelrio.com.br\/wordpress\/wp-json\/wp\/v2\/pages\/19923\/revisions\/20041"}],"wp:attachment":[{"href":"https:\/\/cafedelrio.com.br\/wordpress\/wp-json\/wp\/v2\/media?parent=19923"}],"curies":[{"name":"wp","href":"https:\/\/api.w.org\/{rel}","templated":true}]}}